{"id":633,"date":"2020-06-05T09:05:31","date_gmt":"2020-06-05T09:05:31","guid":{"rendered":"https:\/\/elementor4.thembay.com\/diza\/?page_id=633"},"modified":"2022-10-14T15:33:28","modified_gmt":"2022-10-14T15:33:28","slug":"terms-and-conditions","status":"publish","type":"page","link":"https:\/\/generalbiomedical.com\/es\/terms-and-conditions\/","title":{"rendered":"T\u00e9rminos y condiciones"},"content":{"rendered":"<div data-elementor-type=\"wp-page\" data-elementor-id=\"633\" class=\"elementor elementor-633\">\n\t\t\t\t\t\t\t\t\t<section class=\"elementor-section elementor-top-section elementor-element elementor-element-dad7a1d elementor-section-boxed elementor-section-height-default elementor-section-height-default\" data-id=\"dad7a1d\" data-element_type=\"section\">\n\t\t\t\t\t\t<div class=\"elementor-container elementor-column-gap-no\">\n\t\t\t\t\t<div class=\"elementor-column elementor-col-100 elementor-top-column elementor-element elementor-element-b749ea3\" data-id=\"b749ea3\" data-element_type=\"column\">\n\t\t\t<div class=\"elementor-widget-wrap elementor-element-populated\">\n\t\t\t\t\t\t\t\t<div class=\"elementor-element elementor-element-766a1eb elementor-widget elementor-widget-text-editor\" data-id=\"766a1eb\" data-element_type=\"widget\" data-widget_type=\"text-editor.default\">\n\t\t\t\t<div class=\"elementor-widget-container\">\n\t\t\t<style>\/*! elementor - v3.10.1 - 17-01-2023 *\/\n.elementor-widget-text-editor.elementor-drop-cap-view-stacked .elementor-drop-cap{background-color:#818a91;color:#fff}.elementor-widget-text-editor.elementor-drop-cap-view-framed .elementor-drop-cap{color:#818a91;border:3px solid;background-color:transparent}.elementor-widget-text-editor:not(.elementor-drop-cap-view-default) .elementor-drop-cap{margin-top:8px}.elementor-widget-text-editor:not(.elementor-drop-cap-view-default) .elementor-drop-cap-letter{width:1em;height:1em}.elementor-widget-text-editor .elementor-drop-cap{float:left;text-align:center;line-height:1;font-size:50px}.elementor-widget-text-editor .elementor-drop-cap-letter{display:inline-block}<\/style>\t\t\t\t<p><b>PAYMENT TERMS<\/b><\/p><p><span style=\"font-weight: 400;\">All of General Biomedical Service equipment is shipped FOB New Orleans Louisiana. Terms are Net 30 on credit approved accounts. Non-credit approved accounts must prepay.<\/span><\/p><p><span style=\"font-weight: 400;\">General Biomedical Service accepts, VISA, MC, American Express, Wire Transfers and Paypal.<\/span><\/p><p>\u00a0<\/p><p><b>WARRANTY<\/b><\/p><p><span style=\"font-weight: 400;\">All of General Biomedical Service equipment carries a warranty form the date of shipment form New Orleans.\u00a0 Warranty period varies depending on the units. Any item you return to us during the warranty period will be repaired or replaced and then returned to you free of charge.\u00a0 Please contact our Service Department at <\/span><a href=\"mailto:service@generalbiomedical.com\"><span style=\"font-weight: 400;\">service@generalbiomedical.com<\/span><\/a><span style=\"font-weight: 400;\"> for complete instructions and a Return Authorization Number.\u00a0 Equipment damaged in shipping is excluded from this warranty.\u00a0 Shipping damage claims are to be submitted to the shipping company.<\/span><\/p><p><b>EXTENDED WARRANTY<\/b><\/p><p><span style=\"font-weight: 400;\">The standard warranty may be extended on many of our items by adding a service or maintenance contract. These items would need to be shipped into our New Orleans office for warranty repairs. Not all items qualify for extended warranty.\u00a0 Please ask your sales representative for details.<\/span><\/p><p>\u00a0<\/p><p><b>VENTAS INTERNACIONALES<\/b><\/p><p><span style=\"font-weight: 400;\">A diferencia de los equipos que se venden \u201cas is\u201d en el mercado, los equipos de General Biomedical Service, son desmantelados y revisados por t\u00e9cnicos biom\u00e9dicos. Cada componente es inspeccionado para comprobar y certificar su funcionamiento.\u00a0\u00a0<\/span><\/p><p><span style=\"font-weight: 400;\">Los equipos se entregan con accesorios b\u00e1sicos y una lista de par\u00e1metros y funciones que han sido chequeadas (OVP).\u00a0<\/span><\/p><p>\u00a0<\/p><p><b>T\u00c9RMINOS DE PAGO<\/b><\/p><p><span style=\"font-weight: 400;\">Los equipos son enviados FOB New Orleans, Louisiana . Aceptamos Visa,MC, American Express, Transferencias Bancarias y Paypal.\u00a0<\/span><\/p><p><b>GARANT\u00cdA<\/b><\/p><p><span style=\"font-weight: 400;\">\u00a0Todos los equipos cuentan con garant\u00eda desde el d\u00eda que son enviados de New Orleans.\u00a0 El tiempo de garant\u00eda var\u00eda de acuerdo con el equipo. Durante la garant\u00eda, cualquier equipo que sea devuelto ser\u00e1 reparado o reemplazado sin costo adicional.\u00a0 Por favor contacte a nuestra \u00e1rea de servicio; <\/span><a href=\"mailto:service@generalbiomedical.com\"><span style=\"font-weight: 400;\">service@generalbiomedical.com<\/span><\/a><span style=\"font-weight: 400;\"> para m\u00e1s informaci\u00f3n y para recibir una autorizaci\u00f3n de devoluci\u00f3n. Los da\u00f1os causados durante el env\u00edo de los equipos no est\u00e1n cubiertos por la garant\u00eda.\u00a0 Estos da\u00f1os deben ser reclamados con la compa\u00f1\u00eda de carga.\u00a0<\/span><\/p><p>\u00a0<\/p><p><b>ASISTENCIA T\u00c9CNICA<\/b><\/p><p><span style=\"font-weight: 400;\">Contamos con un equipo t\u00e9cnico a su disposici\u00f3n para responder cualquier pregunta acerca de los equipos que manejamos.\u00a0 Ofrecemos servicio de mantenimiento y reparaci\u00f3n, piezas, repuestos, y entrenamiento.\u00a0 Para m\u00e1s informaci\u00f3n, comun\u00edquese con nosotros a: intl_sales@generalbiomedical.com<\/span><\/p><p><br \/><br \/><br \/><\/p>\t\t\t\t\t\t<\/div>\n\t\t\t\t<\/div>\n\t\t\t\t\t<\/div>\n\t\t<\/div>\n\t\t\t\t\t\t\t<\/div>\n\t\t<\/section>\n\t\t\t\t\t\t\t<\/div>","protected":false},"excerpt":{"rendered":"<p>PAYMENT TERMS All of General Biomedical Service equipment is shipped FOB New Orleans Louisiana. Terms are Net 30 on credit approved accounts. Non-credit approved accounts must prepay. General Biomedical Service accepts, VISA, MC, American Express, Wire Transfers and Paypal. \u00a0 WARRANTY All of General Biomedical Service equipment carries a warranty form the date of shipment &hellip; <a href=\"https:\/\/generalbiomedical.com\/es\/terms-and-conditions\/\" class=\"more-link\">Continue reading <span class=\"screen-reader-text\">T\u00e9rminos y condiciones<\/span><\/a><\/p>","protected":false},"author":1,"featured_media":0,"parent":0,"menu_order":0,"comment_status":"closed","ping_status":"closed","template":"","meta":{"inline_featured_image":false,"footnotes":""},"class_list":["post-633","page","type-page","status-publish","hentry"],"_links":{"self":[{"href":"https:\/\/generalbiomedical.com\/es\/wp-json\/wp\/v2\/pages\/633","targetHints":{"allow":["GET"]}}],"collection":[{"href":"https:\/\/generalbiomedical.com\/es\/wp-json\/wp\/v2\/pages"}],"about":[{"href":"https:\/\/generalbiomedical.com\/es\/wp-json\/wp\/v2\/types\/page"}],"author":[{"embeddable":true,"href":"https:\/\/generalbiomedical.com\/es\/wp-json\/wp\/v2\/users\/1"}],"replies":[{"embeddable":true,"href":"https:\/\/generalbiomedical.com\/es\/wp-json\/wp\/v2\/comments?post=633"}],"version-history":[{"count":7,"href":"https:\/\/generalbiomedical.com\/es\/wp-json\/wp\/v2\/pages\/633\/revisions"}],"predecessor-version":[{"id":3508,"href":"https:\/\/generalbiomedical.com\/es\/wp-json\/wp\/v2\/pages\/633\/revisions\/3508"}],"wp:attachment":[{"href":"https:\/\/generalbiomedical.com\/es\/wp-json\/wp\/v2\/media?parent=633"}],"curies":[{"name":"wp","href":"https:\/\/api.w.org\/{rel}","templated":true}]}}